{"id":93,"date":"2020-12-18T20:17:22","date_gmt":"2020-12-18T19:17:22","guid":{"rendered":"http:\/\/aszpol.pl\/?page_id=93"},"modified":"2020-12-18T20:51:02","modified_gmt":"2020-12-18T19:51:02","slug":"podnosnik-koszowy","status":"publish","type":"page","link":"http:\/\/aszpol.pl\/?page_id=93","title":{"rendered":"Podno\u015bnik koszowy"},"content":{"rendered":"<p>Podno\u015bnik koszowy &#8211; Witnica.<\/p>\n<p>Proponujemy us\u0142ugi podno\u015bnikiem koszowym o zasi\u0119gu wysoko\u015bci roboczej 16m i wysi\u0119gu bocznym 6m.<\/p>\n<p>Pomagamy wycina\u0107 drzewa montowa\u0107 anteny monitoring kominy czy\u015bcic rynny i wiele innych realizujemy zlecenia ,,od reki&#8221;.<\/p>\n<p><img loading=\"lazy\" decoding=\"async\" class=\"alignnone wp-image-89\" src=\"http:\/\/aszpol.pl\/wp-content\/uploads\/2016\/08\/images1000x7001-300x225.jpg\" alt=\"\" width=\"533\" height=\"400\" srcset=\"http:\/\/aszpol.pl\/wp-content\/uploads\/2016\/08\/images1000x7001-300x225.jpg 300w, http:\/\/aszpol.pl\/wp-content\/uploads\/2016\/08\/images1000x7001-768x576.jpg 768w, http:\/\/aszpol.pl\/wp-content\/uploads\/2016\/08\/images1000x7001.jpg 933w\" sizes=\"auto, (max-width: 533px) 100vw, 533px\" \/><\/p>\n<p><img loading=\"lazy\" decoding=\"async\" class=\"alignnone size-large wp-image-101\" src=\"http:\/\/aszpol.pl\/wp-content\/uploads\/2020\/12\/IMG_1039-1024x768.jpg\" alt=\"\" width=\"474\" height=\"356\" srcset=\"http:\/\/aszpol.pl\/wp-content\/uploads\/2020\/12\/IMG_1039-1024x768.jpg 1024w, http:\/\/aszpol.pl\/wp-content\/uploads\/2020\/12\/IMG_1039-300x225.jpg 300w, http:\/\/aszpol.pl\/wp-content\/uploads\/2020\/12\/IMG_1039-768x576.jpg 768w, http:\/\/aszpol.pl\/wp-content\/uploads\/2020\/12\/IMG_1039.jpg 2016w\" sizes=\"auto, (max-width: 474px) 100vw, 474px\" \/><\/p>\n","protected":false},"excerpt":{"rendered":"<p>Podno\u015bnik koszowy &#8211; Witnica. Proponujemy us\u0142ugi podno\u015bnikiem koszowym o zasi\u0119gu wysoko\u015bci roboczej 16m i wysi\u0119gu bocznym 6m. Pomagamy wycina\u0107 drzewa montowa\u0107 anteny monitoring kominy czy\u015bcic rynny i wiele innych realizujemy zlecenia ,,od reki&#8221;.<\/p>\n","protected":false},"author":1,"featured_media":0,"parent":0,"menu_order":0,"comment_status":"closed","ping_status":"closed","template":"","meta":{"footnotes":""},"class_list":["post-93","page","type-page","status-publish","hentry"],"_links":{"self":[{"href":"http:\/\/aszpol.pl\/index.php?rest_route=\/wp\/v2\/pages\/93","targetHints":{"allow":["GET"]}}],"collection":[{"href":"http:\/\/aszpol.pl\/index.php?rest_route=\/wp\/v2\/pages"}],"about":[{"href":"http:\/\/aszpol.pl\/index.php?rest_route=\/wp\/v2\/types\/page"}],"author":[{"embeddable":true,"href":"http:\/\/aszpol.pl\/index.php?rest_route=\/wp\/v2\/users\/1"}],"replies":[{"embeddable":true,"href":"http:\/\/aszpol.pl\/index.php?rest_route=%2Fwp%2Fv2%2Fcomments&post=93"}],"version-history":[{"count":5,"href":"http:\/\/aszpol.pl\/index.php?rest_route=\/wp\/v2\/pages\/93\/revisions"}],"predecessor-version":[{"id":102,"href":"http:\/\/aszpol.pl\/index.php?rest_route=\/wp\/v2\/pages\/93\/revisions\/102"}],"wp:attachment":[{"href":"http:\/\/aszpol.pl\/index.php?rest_route=%2Fwp%2Fv2%2Fmedia&parent=93"}],"curies":[{"name":"wp","href":"https:\/\/api.w.org\/{rel}","templated":true}]}}